{"id":9316,"date":"2021-10-12T10:49:25","date_gmt":"2021-10-12T08:49:25","guid":{"rendered":"https:\/\/aromapflege.tirol\/?post_type=product&#038;p=9316"},"modified":"2021-10-12T10:49:25","modified_gmt":"2021-10-12T08:49:25","slug":"test-cesky","status":"publish","type":"product","link":"https:\/\/aromapflege.tirol\/cs\/produkt\/test-cesky\/","title":{"rendered":"test cesky"},"content":{"rendered":"","protected":false},"excerpt":{"rendered":"","protected":false},"featured_media":0,"comment_status":"open","ping_status":"closed","template":"","meta":{"_et_pb_use_builder":"","_et_pb_old_content":"","_et_gb_content_width":""},"product_brand":[],"product_cat":[185],"product_tag":[],"class_list":{"0":"post-9316","1":"product","2":"type-product","3":"status-publish","5":"product_cat-nezarazene","7":"first","8":"instock","9":"virtual","10":"purchasable","11":"product-type-simple"},"yoast_head":"<!-- This site is optimized with the Yoast SEO plugin v27.4 - https:\/\/yoast.com\/product\/yoast-seo-wordpress\/ -->\n<title>test cesky - aromapflege.tirol<\/title>\n<meta name=\"robots\" content=\"index, follow, max-snippet:-1, max-image-preview:large, max-video-preview:-1\" \/>\n<link rel=\"canonical\" href=\"https:\/\/aromapflege.tirol\/cs\/produkt\/test-cesky\/\" \/>\n<meta property=\"og:locale\" content=\"cs_CZ\" \/>\n<meta property=\"og:type\" content=\"article\" \/>\n<meta property=\"og:title\" content=\"test cesky - aromapflege.tirol\" \/>\n<meta property=\"og:url\" content=\"https:\/\/aromapflege.tirol\/cs\/produkt\/test-cesky\/\" \/>\n<meta property=\"og:site_name\" content=\"aromapflege.tirol\" \/>\n<meta property=\"og:image\" content=\"https:\/\/aromapflege.tirol\/wp-content\/uploads\/2021\/02\/IMG_4132-scaled-e1619647109686.jpeg\" \/>\n\t<meta property=\"og:image:width\" content=\"640\" \/>\n\t<meta property=\"og:image:height\" content=\"427\" \/>\n\t<meta property=\"og:image:type\" content=\"image\/jpeg\" \/>\n<meta name=\"twitter:card\" content=\"summary_large_image\" \/>\n<script type=\"application\/ld+json\" class=\"yoast-schema-graph\">{\"@context\":\"https:\\\/\\\/schema.org\",\"@graph\":[{\"@type\":\"WebPage\",\"@id\":\"https:\\\/\\\/aromapflege.tirol\\\/cs\\\/produkt\\\/test-cesky\\\/\",\"url\":\"https:\\\/\\\/aromapflege.tirol\\\/cs\\\/produkt\\\/test-cesky\\\/\",\"name\":\"test cesky - aromapflege.tirol\",\"isPartOf\":{\"@id\":\"https:\\\/\\\/aromapflege.tirol\\\/cs\\\/#website\"},\"datePublished\":\"2021-10-12T08:49:25+00:00\",\"breadcrumb\":{\"@id\":\"https:\\\/\\\/aromapflege.tirol\\\/cs\\\/produkt\\\/test-cesky\\\/#breadcrumb\"},\"inLanguage\":\"cs\",\"potentialAction\":[{\"@type\":\"ReadAction\",\"target\":[\"https:\\\/\\\/aromapflege.tirol\\\/cs\\\/produkt\\\/test-cesky\\\/\"]}]},{\"@type\":\"BreadcrumbList\",\"@id\":\"https:\\\/\\\/aromapflege.tirol\\\/cs\\\/produkt\\\/test-cesky\\\/#breadcrumb\",\"itemListElement\":[{\"@type\":\"ListItem\",\"position\":1,\"name\":\"Dom\u016f\",\"item\":\"https:\\\/\\\/aromapflege.tirol\\\/cs\\\/\"},{\"@type\":\"ListItem\",\"position\":2,\"name\":\"Obchod\",\"item\":\"https:\\\/\\\/aromapflege.tirol\\\/obchod\\\/\"},{\"@type\":\"ListItem\",\"position\":3,\"name\":\"test cesky\"}]},{\"@type\":\"WebSite\",\"@id\":\"https:\\\/\\\/aromapflege.tirol\\\/cs\\\/#website\",\"url\":\"https:\\\/\\\/aromapflege.tirol\\\/cs\\\/\",\"name\":\"aromapflege.tirol\",\"description\":\"Kr\u00e4uterkunde\\\/Aromaterapie, bylinky, zdrav\u00fd \u017eivotn\u00ed styl\",\"publisher\":{\"@id\":\"https:\\\/\\\/aromapflege.tirol\\\/cs\\\/#\\\/schema\\\/person\\\/bac5e755ac463f6bca2cd1c449700ba5\"},\"potentialAction\":[{\"@type\":\"SearchAction\",\"target\":{\"@type\":\"EntryPoint\",\"urlTemplate\":\"https:\\\/\\\/aromapflege.tirol\\\/cs\\\/?s={search_term_string}\"},\"query-input\":{\"@type\":\"PropertyValueSpecification\",\"valueRequired\":true,\"valueName\":\"search_term_string\"}}],\"inLanguage\":\"cs\"},{\"@type\":[\"Person\",\"Organization\"],\"@id\":\"https:\\\/\\\/aromapflege.tirol\\\/cs\\\/#\\\/schema\\\/person\\\/bac5e755ac463f6bca2cd1c449700ba5\",\"name\":\"Veronika\",\"image\":{\"@type\":\"ImageObject\",\"inLanguage\":\"cs\",\"@id\":\"https:\\\/\\\/aromapflege.tirol\\\/wp-content\\\/uploads\\\/2020\\\/11\\\/NemcovaLogo2.png\",\"url\":\"https:\\\/\\\/aromapflege.tirol\\\/wp-content\\\/uploads\\\/2020\\\/11\\\/NemcovaLogo2.png\",\"contentUrl\":\"https:\\\/\\\/aromapflege.tirol\\\/wp-content\\\/uploads\\\/2020\\\/11\\\/NemcovaLogo2.png\",\"width\":1916,\"height\":1229,\"caption\":\"Veronika\"},\"logo\":{\"@id\":\"https:\\\/\\\/aromapflege.tirol\\\/wp-content\\\/uploads\\\/2020\\\/11\\\/NemcovaLogo2.png\"}}]}<\/script>\n<!-- \/ Yoast SEO plugin. -->","yoast_head_json":{"title":"test cesky - aromapflege.tirol","robots":{"index":"index","follow":"follow","max-snippet":"max-snippet:-1","max-image-preview":"max-image-preview:large","max-video-preview":"max-video-preview:-1"},"canonical":"https:\/\/aromapflege.tirol\/cs\/produkt\/test-cesky\/","og_locale":"cs_CZ","og_type":"article","og_title":"test cesky - aromapflege.tirol","og_url":"https:\/\/aromapflege.tirol\/cs\/produkt\/test-cesky\/","og_site_name":"aromapflege.tirol","og_image":[{"width":640,"height":427,"url":"https:\/\/aromapflege.tirol\/wp-content\/uploads\/2021\/02\/IMG_4132-scaled-e1619647109686.jpeg","type":"image\/jpeg"}],"twitter_card":"summary_large_image","schema":{"@context":"https:\/\/schema.org","@graph":[{"@type":"WebPage","@id":"https:\/\/aromapflege.tirol\/cs\/produkt\/test-cesky\/","url":"https:\/\/aromapflege.tirol\/cs\/produkt\/test-cesky\/","name":"test cesky - aromapflege.tirol","isPartOf":{"@id":"https:\/\/aromapflege.tirol\/cs\/#website"},"datePublished":"2021-10-12T08:49:25+00:00","breadcrumb":{"@id":"https:\/\/aromapflege.tirol\/cs\/produkt\/test-cesky\/#breadcrumb"},"inLanguage":"cs","potentialAction":[{"@type":"ReadAction","target":["https:\/\/aromapflege.tirol\/cs\/produkt\/test-cesky\/"]}]},{"@type":"BreadcrumbList","@id":"https:\/\/aromapflege.tirol\/cs\/produkt\/test-cesky\/#breadcrumb","itemListElement":[{"@type":"ListItem","position":1,"name":"Dom\u016f","item":"https:\/\/aromapflege.tirol\/cs\/"},{"@type":"ListItem","position":2,"name":"Obchod","item":"https:\/\/aromapflege.tirol\/obchod\/"},{"@type":"ListItem","position":3,"name":"test cesky"}]},{"@type":"WebSite","@id":"https:\/\/aromapflege.tirol\/cs\/#website","url":"https:\/\/aromapflege.tirol\/cs\/","name":"aromapflege.tirol","description":"Kr\u00e4uterkunde\/Aromaterapie, bylinky, zdrav\u00fd \u017eivotn\u00ed styl","publisher":{"@id":"https:\/\/aromapflege.tirol\/cs\/#\/schema\/person\/bac5e755ac463f6bca2cd1c449700ba5"},"potentialAction":[{"@type":"SearchAction","target":{"@type":"EntryPoint","urlTemplate":"https:\/\/aromapflege.tirol\/cs\/?s={search_term_string}"},"query-input":{"@type":"PropertyValueSpecification","valueRequired":true,"valueName":"search_term_string"}}],"inLanguage":"cs"},{"@type":["Person","Organization"],"@id":"https:\/\/aromapflege.tirol\/cs\/#\/schema\/person\/bac5e755ac463f6bca2cd1c449700ba5","name":"Veronika","image":{"@type":"ImageObject","inLanguage":"cs","@id":"https:\/\/aromapflege.tirol\/wp-content\/uploads\/2020\/11\/NemcovaLogo2.png","url":"https:\/\/aromapflege.tirol\/wp-content\/uploads\/2020\/11\/NemcovaLogo2.png","contentUrl":"https:\/\/aromapflege.tirol\/wp-content\/uploads\/2020\/11\/NemcovaLogo2.png","width":1916,"height":1229,"caption":"Veronika"},"logo":{"@id":"https:\/\/aromapflege.tirol\/wp-content\/uploads\/2020\/11\/NemcovaLogo2.png"}}]}},"_links":{"self":[{"href":"https:\/\/aromapflege.tirol\/cs\/wp-json\/wp\/v2\/product\/9316","targetHints":{"allow":["GET"]}}],"collection":[{"href":"https:\/\/aromapflege.tirol\/cs\/wp-json\/wp\/v2\/product"}],"about":[{"href":"https:\/\/aromapflege.tirol\/cs\/wp-json\/wp\/v2\/types\/product"}],"replies":[{"embeddable":true,"href":"https:\/\/aromapflege.tirol\/cs\/wp-json\/wp\/v2\/comments?post=9316"}],"wp:attachment":[{"href":"https:\/\/aromapflege.tirol\/cs\/wp-json\/wp\/v2\/media?parent=9316"}],"wp:term":[{"taxonomy":"product_brand","embeddable":true,"href":"https:\/\/aromapflege.tirol\/cs\/wp-json\/wp\/v2\/product_brand?post=9316"},{"taxonomy":"product_cat","embeddable":true,"href":"https:\/\/aromapflege.tirol\/cs\/wp-json\/wp\/v2\/product_cat?post=9316"},{"taxonomy":"product_tag","embeddable":true,"href":"https:\/\/aromapflege.tirol\/cs\/wp-json\/wp\/v2\/product_tag?post=9316"}],"curies":[{"name":"wp","href":"https:\/\/api.w.org\/{rel}","templated":true}]}}