{"id":9288,"date":"2021-10-12T09:22:56","date_gmt":"2021-10-12T07:22:56","guid":{"rendered":"https:\/\/aromapflege.tirol\/?post_type=product&#038;p=9288"},"modified":"2021-10-12T09:22:56","modified_gmt":"2021-10-12T07:22:56","slug":"bylinne-tinktury-online","status":"publish","type":"product","link":"https:\/\/aromapflege.tirol\/cs\/produkt\/bylinne-tinktury-online\/","title":{"rendered":"Bylinn\u00e9 tinktury &#8211; online"},"content":{"rendered":"<p>Kurz bylinn\u00e9 tinktury online.<\/p>\n<p>Dlouh\u00fd popis produktu.<\/p>\n","protected":false},"excerpt":{"rendered":"<p>Kr\u00e1tk\u00fd popis produktu<\/p>\n","protected":false},"featured_media":7893,"comment_status":"open","ping_status":"closed","template":"","meta":{"_et_pb_use_builder":"","_et_pb_old_content":"","_et_gb_content_width":""},"product_brand":[],"product_cat":[186],"product_tag":[],"class_list":{"0":"post-9288","1":"product","2":"type-product","3":"status-publish","4":"has-post-thumbnail","6":"product_cat-online-kurzy","8":"first","9":"instock","10":"downloadable","11":"virtual","12":"purchasable","13":"product-type-simple"},"yoast_head":"<!-- This site is optimized with the Yoast SEO plugin v27.4 - https:\/\/yoast.com\/product\/yoast-seo-wordpress\/ -->\n<title>Bylinn\u00e9 tinktury - online - aromapflege.tirol<\/title>\n<meta name=\"robots\" content=\"index, follow, max-snippet:-1, max-image-preview:large, max-video-preview:-1\" \/>\n<link rel=\"canonical\" href=\"https:\/\/aromapflege.tirol\/produkt\/bylinne-tinktury-online\/\" \/>\n<meta property=\"og:locale\" content=\"cs_CZ\" \/>\n<meta property=\"og:type\" content=\"article\" \/>\n<meta property=\"og:title\" content=\"Bylinn\u00e9 tinktury - online - aromapflege.tirol\" \/>\n<meta property=\"og:description\" content=\"Kr\u00e1tk\u00fd popis produktu\" \/>\n<meta property=\"og:url\" content=\"https:\/\/aromapflege.tirol\/produkt\/bylinne-tinktury-online\/\" \/>\n<meta property=\"og:site_name\" content=\"aromapflege.tirol\" \/>\n<meta property=\"og:image\" content=\"https:\/\/aromapflege.tirol\/wp-content\/uploads\/2021\/04\/22.jpg\" \/>\n\t<meta property=\"og:image:width\" content=\"1200\" \/>\n\t<meta property=\"og:image:height\" content=\"628\" \/>\n\t<meta property=\"og:image:type\" content=\"image\/jpeg\" \/>\n<meta name=\"twitter:card\" content=\"summary_large_image\" \/>\n<meta name=\"twitter:label1\" content=\"Odhadovan\u00e1 doba \u010dten\u00ed\" \/>\n\t<meta name=\"twitter:data1\" content=\"1 minuta\" \/>\n<script type=\"application\/ld+json\" class=\"yoast-schema-graph\">{\"@context\":\"https:\\\/\\\/schema.org\",\"@graph\":[{\"@type\":\"WebPage\",\"@id\":\"https:\\\/\\\/aromapflege.tirol\\\/produkt\\\/bylinne-tinktury-online\\\/\",\"url\":\"https:\\\/\\\/aromapflege.tirol\\\/produkt\\\/bylinne-tinktury-online\\\/\",\"name\":\"Bylinn\u00e9 tinktury - online - aromapflege.tirol\",\"isPartOf\":{\"@id\":\"https:\\\/\\\/aromapflege.tirol\\\/cs\\\/#website\"},\"primaryImageOfPage\":{\"@id\":\"https:\\\/\\\/aromapflege.tirol\\\/produkt\\\/bylinne-tinktury-online\\\/#primaryimage\"},\"image\":{\"@id\":\"https:\\\/\\\/aromapflege.tirol\\\/produkt\\\/bylinne-tinktury-online\\\/#primaryimage\"},\"thumbnailUrl\":\"https:\\\/\\\/aromapflege.tirol\\\/wp-content\\\/uploads\\\/2021\\\/04\\\/22.jpg\",\"datePublished\":\"2021-10-12T07:22:56+00:00\",\"breadcrumb\":{\"@id\":\"https:\\\/\\\/aromapflege.tirol\\\/produkt\\\/bylinne-tinktury-online\\\/#breadcrumb\"},\"inLanguage\":\"cs\",\"potentialAction\":[{\"@type\":\"ReadAction\",\"target\":[\"https:\\\/\\\/aromapflege.tirol\\\/produkt\\\/bylinne-tinktury-online\\\/\"]}]},{\"@type\":\"ImageObject\",\"inLanguage\":\"cs\",\"@id\":\"https:\\\/\\\/aromapflege.tirol\\\/produkt\\\/bylinne-tinktury-online\\\/#primaryimage\",\"url\":\"https:\\\/\\\/aromapflege.tirol\\\/wp-content\\\/uploads\\\/2021\\\/04\\\/22.jpg\",\"contentUrl\":\"https:\\\/\\\/aromapflege.tirol\\\/wp-content\\\/uploads\\\/2021\\\/04\\\/22.jpg\",\"width\":1200,\"height\":628},{\"@type\":\"BreadcrumbList\",\"@id\":\"https:\\\/\\\/aromapflege.tirol\\\/produkt\\\/bylinne-tinktury-online\\\/#breadcrumb\",\"itemListElement\":[{\"@type\":\"ListItem\",\"position\":1,\"name\":\"Dom\u016f\",\"item\":\"https:\\\/\\\/aromapflege.tirol\\\/cs\\\/\"},{\"@type\":\"ListItem\",\"position\":2,\"name\":\"Obchod\",\"item\":\"https:\\\/\\\/aromapflege.tirol\\\/obchod\\\/\"},{\"@type\":\"ListItem\",\"position\":3,\"name\":\"Bylinn\u00e9 tinktury &#8211; online\"}]},{\"@type\":\"WebSite\",\"@id\":\"https:\\\/\\\/aromapflege.tirol\\\/cs\\\/#website\",\"url\":\"https:\\\/\\\/aromapflege.tirol\\\/cs\\\/\",\"name\":\"aromapflege.tirol\",\"description\":\"Kr\u00e4uterkunde\\\/Aromaterapie, bylinky, zdrav\u00fd \u017eivotn\u00ed styl\",\"publisher\":{\"@id\":\"https:\\\/\\\/aromapflege.tirol\\\/cs\\\/#\\\/schema\\\/person\\\/bac5e755ac463f6bca2cd1c449700ba5\"},\"potentialAction\":[{\"@type\":\"SearchAction\",\"target\":{\"@type\":\"EntryPoint\",\"urlTemplate\":\"https:\\\/\\\/aromapflege.tirol\\\/cs\\\/?s={search_term_string}\"},\"query-input\":{\"@type\":\"PropertyValueSpecification\",\"valueRequired\":true,\"valueName\":\"search_term_string\"}}],\"inLanguage\":\"cs\"},{\"@type\":[\"Person\",\"Organization\"],\"@id\":\"https:\\\/\\\/aromapflege.tirol\\\/cs\\\/#\\\/schema\\\/person\\\/bac5e755ac463f6bca2cd1c449700ba5\",\"name\":\"Veronika\",\"image\":{\"@type\":\"ImageObject\",\"inLanguage\":\"cs\",\"@id\":\"https:\\\/\\\/aromapflege.tirol\\\/wp-content\\\/uploads\\\/2020\\\/11\\\/NemcovaLogo2.png\",\"url\":\"https:\\\/\\\/aromapflege.tirol\\\/wp-content\\\/uploads\\\/2020\\\/11\\\/NemcovaLogo2.png\",\"contentUrl\":\"https:\\\/\\\/aromapflege.tirol\\\/wp-content\\\/uploads\\\/2020\\\/11\\\/NemcovaLogo2.png\",\"width\":1916,\"height\":1229,\"caption\":\"Veronika\"},\"logo\":{\"@id\":\"https:\\\/\\\/aromapflege.tirol\\\/wp-content\\\/uploads\\\/2020\\\/11\\\/NemcovaLogo2.png\"}}]}<\/script>\n<!-- \/ Yoast SEO plugin. -->","yoast_head_json":{"title":"Bylinn\u00e9 tinktury - online - aromapflege.tirol","robots":{"index":"index","follow":"follow","max-snippet":"max-snippet:-1","max-image-preview":"max-image-preview:large","max-video-preview":"max-video-preview:-1"},"canonical":"https:\/\/aromapflege.tirol\/produkt\/bylinne-tinktury-online\/","og_locale":"cs_CZ","og_type":"article","og_title":"Bylinn\u00e9 tinktury - online - aromapflege.tirol","og_description":"Kr\u00e1tk\u00fd popis produktu","og_url":"https:\/\/aromapflege.tirol\/produkt\/bylinne-tinktury-online\/","og_site_name":"aromapflege.tirol","og_image":[{"width":1200,"height":628,"url":"https:\/\/aromapflege.tirol\/wp-content\/uploads\/2021\/04\/22.jpg","type":"image\/jpeg"}],"twitter_card":"summary_large_image","twitter_misc":{"Odhadovan\u00e1 doba \u010dten\u00ed":"1 minuta"},"schema":{"@context":"https:\/\/schema.org","@graph":[{"@type":"WebPage","@id":"https:\/\/aromapflege.tirol\/produkt\/bylinne-tinktury-online\/","url":"https:\/\/aromapflege.tirol\/produkt\/bylinne-tinktury-online\/","name":"Bylinn\u00e9 tinktury - online - aromapflege.tirol","isPartOf":{"@id":"https:\/\/aromapflege.tirol\/cs\/#website"},"primaryImageOfPage":{"@id":"https:\/\/aromapflege.tirol\/produkt\/bylinne-tinktury-online\/#primaryimage"},"image":{"@id":"https:\/\/aromapflege.tirol\/produkt\/bylinne-tinktury-online\/#primaryimage"},"thumbnailUrl":"https:\/\/aromapflege.tirol\/wp-content\/uploads\/2021\/04\/22.jpg","datePublished":"2021-10-12T07:22:56+00:00","breadcrumb":{"@id":"https:\/\/aromapflege.tirol\/produkt\/bylinne-tinktury-online\/#breadcrumb"},"inLanguage":"cs","potentialAction":[{"@type":"ReadAction","target":["https:\/\/aromapflege.tirol\/produkt\/bylinne-tinktury-online\/"]}]},{"@type":"ImageObject","inLanguage":"cs","@id":"https:\/\/aromapflege.tirol\/produkt\/bylinne-tinktury-online\/#primaryimage","url":"https:\/\/aromapflege.tirol\/wp-content\/uploads\/2021\/04\/22.jpg","contentUrl":"https:\/\/aromapflege.tirol\/wp-content\/uploads\/2021\/04\/22.jpg","width":1200,"height":628},{"@type":"BreadcrumbList","@id":"https:\/\/aromapflege.tirol\/produkt\/bylinne-tinktury-online\/#breadcrumb","itemListElement":[{"@type":"ListItem","position":1,"name":"Dom\u016f","item":"https:\/\/aromapflege.tirol\/cs\/"},{"@type":"ListItem","position":2,"name":"Obchod","item":"https:\/\/aromapflege.tirol\/obchod\/"},{"@type":"ListItem","position":3,"name":"Bylinn\u00e9 tinktury &#8211; online"}]},{"@type":"WebSite","@id":"https:\/\/aromapflege.tirol\/cs\/#website","url":"https:\/\/aromapflege.tirol\/cs\/","name":"aromapflege.tirol","description":"Kr\u00e4uterkunde\/Aromaterapie, bylinky, zdrav\u00fd \u017eivotn\u00ed styl","publisher":{"@id":"https:\/\/aromapflege.tirol\/cs\/#\/schema\/person\/bac5e755ac463f6bca2cd1c449700ba5"},"potentialAction":[{"@type":"SearchAction","target":{"@type":"EntryPoint","urlTemplate":"https:\/\/aromapflege.tirol\/cs\/?s={search_term_string}"},"query-input":{"@type":"PropertyValueSpecification","valueRequired":true,"valueName":"search_term_string"}}],"inLanguage":"cs"},{"@type":["Person","Organization"],"@id":"https:\/\/aromapflege.tirol\/cs\/#\/schema\/person\/bac5e755ac463f6bca2cd1c449700ba5","name":"Veronika","image":{"@type":"ImageObject","inLanguage":"cs","@id":"https:\/\/aromapflege.tirol\/wp-content\/uploads\/2020\/11\/NemcovaLogo2.png","url":"https:\/\/aromapflege.tirol\/wp-content\/uploads\/2020\/11\/NemcovaLogo2.png","contentUrl":"https:\/\/aromapflege.tirol\/wp-content\/uploads\/2020\/11\/NemcovaLogo2.png","width":1916,"height":1229,"caption":"Veronika"},"logo":{"@id":"https:\/\/aromapflege.tirol\/wp-content\/uploads\/2020\/11\/NemcovaLogo2.png"}}]}},"_links":{"self":[{"href":"https:\/\/aromapflege.tirol\/cs\/wp-json\/wp\/v2\/product\/9288","targetHints":{"allow":["GET"]}}],"collection":[{"href":"https:\/\/aromapflege.tirol\/cs\/wp-json\/wp\/v2\/product"}],"about":[{"href":"https:\/\/aromapflege.tirol\/cs\/wp-json\/wp\/v2\/types\/product"}],"replies":[{"embeddable":true,"href":"https:\/\/aromapflege.tirol\/cs\/wp-json\/wp\/v2\/comments?post=9288"}],"wp:featuredmedia":[{"embeddable":true,"href":"https:\/\/aromapflege.tirol\/cs\/wp-json\/wp\/v2\/media\/7893"}],"wp:attachment":[{"href":"https:\/\/aromapflege.tirol\/cs\/wp-json\/wp\/v2\/media?parent=9288"}],"wp:term":[{"taxonomy":"product_brand","embeddable":true,"href":"https:\/\/aromapflege.tirol\/cs\/wp-json\/wp\/v2\/product_brand?post=9288"},{"taxonomy":"product_cat","embeddable":true,"href":"https:\/\/aromapflege.tirol\/cs\/wp-json\/wp\/v2\/product_cat?post=9288"},{"taxonomy":"product_tag","embeddable":true,"href":"https:\/\/aromapflege.tirol\/cs\/wp-json\/wp\/v2\/product_tag?post=9288"}],"curies":[{"name":"wp","href":"https:\/\/api.w.org\/{rel}","templated":true}]}}